{"id":170,"date":"2013-04-11T20:25:46","date_gmt":"2013-04-11T18:25:46","guid":{"rendered":"http:\/\/hdavia.fr\/?page_id=170"},"modified":"2017-08-29T23:58:20","modified_gmt":"2017-08-29T21:58:20","slug":"fournisseurs","status":"publish","type":"page","link":"http:\/\/hdavia.fr\/?page_id=170","title":{"rendered":"Fournisseurs"},"content":{"rendered":"<h2>Fournisseurs bois<\/h2>\n<p>&nbsp;<\/p>\n<p><a class=\"btn btn-info btn-large\" href=\"http:\/\/www.solynubes.es\/alfa\/\" ><i class=\"none \"><\/i> Enrique Alvarez  <\/a> \u00a0Contreplaqu\u00e9 de qualit\u00e9 1.6\/2\/2.5 mm<\/p>\n<p><a class=\"btn btn-default btn-large\" href=\"http:\/\/www.helicesvalex.fr\/\" ><i class=\"none \"><\/i> H\u00e9lice Valex  <\/a> D\u00e9bit de bois CTP,madrier et fabricant d&rsquo;h\u00e9lice bois<\/p>\n<p><a class=\"btn btn-default btn-large\" href=\"http:\/\/www.laboisserolle.com\/fr\/lb_web02_fr.html\" ><i class=\"none \"><\/i> La Boiserolle <\/a> Contreplaqu\u00e9 a\u00e9ro<\/p>\n<p><a class=\"btn btn-info btn-large\" href=\"http:\/\/www.maderas-rado.com\/\" ><i class=\"none \"><\/i> Maderas-rado <\/a> Madrier voir Enrique Alvarez<\/p>\n<p>&nbsp;<\/p>\n<h2>\u00a0Mat\u00e9riaux composites<\/h2>\n<p>&nbsp;<\/p>\n<p><a class=\"btn btn-default btn-small\" href=\"http:\/\/www.sicomin.com\/home.aspx?DisplayLang=fr\" ><i class=\"none \"><\/i> sicomin <\/a>Fibre de verre,carbone,r\u00e9sine etc&#8230;<\/p>\n<p><a class=\"btn btn-default btn-small\" href=\"http:\/\/www.gazechim.com\/composites\/produits_composites.htm\" ><i class=\"none \"><\/i> Gazchim <\/a>Fibre de verre,carbone,r\u00e9sine etc&#8230;<\/p>\n<p><a class=\"btn btn-info btn-small\" href=\"http:\/\/www.resoltech.com\/index_fr.php\" ><i class=\"none \"><\/i> Resoltech <\/a>Fibre de verre,carbone,r\u00e9sine etc&#8230;<\/p>\n<p>&nbsp;<\/p>\n<h2>M\u00e9taux<\/h2>\n<p>&nbsp;<\/p>\n<p><a class=\"btn btn-default btn-small\" href=\"http:\/\/www.blockenstock.com\/\" ><i class=\"none \"><\/i> BlockEnStock <\/a> Titane,alu,bronze etc&#8230;<\/p>\n<p><a class=\"btn btn-default btn-small\" href=\"http:\/\/www.qualichutes.fr\/\" ><i class=\"none \"><\/i> QualiChutes <\/a> Titane,alu,bronze etc&#8230;<\/p>\n<p><a class=\"btn btn-default btn-small\" href=\"http:\/\/www.metaloutil.com\/\" ><i class=\"none \"><\/i> M\u00e9talOutil <\/a> Titane,alu,bronze etc&#8230;pr\u00e9sent sur Ebay<\/p>\n<p>&nbsp;<\/p>\n<div id=\"themify_builder_content-170\" data-postid=\"170\" class=\"themify_builder_content themify_builder_content-170 themify_builder themify_builder_front\">\n\n\t<\/div>\n<!-- \/themify_builder_content -->","protected":false},"excerpt":{"rendered":"<p>Fournisseurs bois &nbsp; \u00a0Contreplaqu\u00e9 de qualit\u00e9 1.6\/2\/2.5 mm D\u00e9bit de bois CTP,madrier et fabricant d&rsquo;h\u00e9lice bois Contreplaqu\u00e9 a\u00e9ro Madrier voir Enrique Alvarez &nbsp; \u00a0Mat\u00e9riaux composites &nbsp; Fibre de verre,carbone,r\u00e9sine etc&#8230; Fibre de verre,carbone,r\u00e9sine etc&#8230; Fibre de verre,carbone,r\u00e9sine etc&#8230; &nbsp; M\u00e9taux &nbsp; Titane,alu,bronze etc&#8230; Titane,alu,bronze etc&#8230; Titane,alu,bronze etc&#8230;pr\u00e9sent sur Ebay &nbsp;<\/p>\n","protected":false},"author":1,"featured_media":0,"parent":0,"menu_order":1,"comment_status":"closed","ping_status":"closed","template":"","meta":[],"_links":{"self":[{"href":"http:\/\/hdavia.fr\/index.php?rest_route=\/wp\/v2\/pages\/170"}],"collection":[{"href":"http:\/\/hdavia.fr\/index.php?rest_route=\/wp\/v2\/pages"}],"about":[{"href":"http:\/\/hdavia.fr\/index.php?rest_route=\/wp\/v2\/types\/page"}],"author":[{"embeddable":true,"href":"http:\/\/hdavia.fr\/index.php?rest_route=\/wp\/v2\/users\/1"}],"replies":[{"embeddable":true,"href":"http:\/\/hdavia.fr\/index.php?rest_route=%2Fwp%2Fv2%2Fcomments&post=170"}],"version-history":[{"count":22,"href":"http:\/\/hdavia.fr\/index.php?rest_route=\/wp\/v2\/pages\/170\/revisions"}],"predecessor-version":[{"id":4471,"href":"http:\/\/hdavia.fr\/index.php?rest_route=\/wp\/v2\/pages\/170\/revisions\/4471"}],"wp:attachment":[{"href":"http:\/\/hdavia.fr\/index.php?rest_route=%2Fwp%2Fv2%2Fmedia&parent=170"}],"curies":[{"name":"wp","href":"https:\/\/api.w.org\/{rel}","templated":true}]}}