{"id":2,"date":"2013-04-11T13:12:20","date_gmt":"2013-04-11T11:12:20","guid":{"rendered":"http:\/\/hdavia.fr\/?page_id=2"},"modified":"2013-04-12T12:09:52","modified_gmt":"2013-04-12T10:09:52","slug":"page-d-exemple","status":"publish","type":"page","link":"http:\/\/hdavia.fr\/?page_id=2","title":{"rendered":"A propos"},"content":{"rendered":"<p><b><i>Bienvenue \u00e0 tous,<\/i><\/b><b><\/b><\/p>\n<p>&nbsp;<\/p>\n<p>Afin de permettre \u00e0 tous de suivre l\u2019\u00e9volution de la construction du\u00a0<b><i>Gaz\u2019aile II\u00a0<\/i><\/b>de\u00a0<b><i>Serge Pennec,<\/i><\/b>Georges et moi (St\u00e9phane) avons mis en place un site web.<\/p>\n<p>Nous avons la liasse depuis d\u00e9but Juillet 2012,nous avan\u00e7ons doucement\u2026mais s\u00fbrement.<\/p>\n<p>Le choix de la motorisation est encore ind\u00e9termin\u00e9 ? le diesel reste \u00e9conomique et fid\u00e8le \u00e0 la philosophie initiale du projet et du concepteur\u00a0<b><i>Serge Pennec<\/i><\/b>.<\/p>\n<p>L\u2019essence avec plus de puissance et une vitesse de croisi\u00e8re\u00a0sup\u00e9rieure! il ne laisse pas indiff\u00e9rent ,il n\u2019y a qu\u2019a voir le\u00a0<b>Gaz\u2019aile<\/b>\u00a0de\u00a0<b><i>\u00a0<\/i><\/b><a href=\"http:\/\/www.passionavion.com\/gazaile.html\">Fr\u00e9d\u00e9ric Monforte<\/a><b><i>\u00a0<\/i><\/b>qui par la m\u00eame occasion vient de remporter au<b><i>\u00a0Salon de Blois ULM 2012\u00a0<\/i><\/b>\u00a0le premier prix (coupe esth\u00e9tique) bravo \u00e0 lui.\u00a0<b><i>\u00a0 \u00a0<\/i><\/b><b><i>\u00a0<\/i><\/b><\/p>\n<p style=\"text-align: center;\"><a href=\"http:\/\/hdavia.fr\/wp-content\/uploads\/2013\/04\/EsthetiqueBlois2012.jpg\"><img decoding=\"async\" loading=\"lazy\" class=\"wp-image-11 aligncenter\" alt=\"EsthetiqueBlois2012\" src=\"http:\/\/hdavia.fr\/wp-content\/uploads\/2013\/04\/EsthetiqueBlois2012-500x373.jpg\" width=\"396\" height=\"296\" srcset=\"http:\/\/hdavia.fr\/wp-content\/uploads\/2013\/04\/EsthetiqueBlois2012-500x373.jpg 500w, http:\/\/hdavia.fr\/wp-content\/uploads\/2013\/04\/EsthetiqueBlois2012.jpg 1000w\" sizes=\"(max-width: 396px) 100vw, 396px\" \/><\/a><\/p>\n<p style=\"text-align: center;\">L&rsquo;avion du\u00a0ma\u00eetre<\/p>\n<p style=\"text-align: center;\"><a href=\"http:\/\/hdavia.fr\/wp-content\/uploads\/2013\/04\/DSC_2790.jpg\"><img decoding=\"async\" loading=\"lazy\" class=\"aligncenter size-medium wp-image-10\" alt=\"DSC_2790\" src=\"http:\/\/hdavia.fr\/wp-content\/uploads\/2013\/04\/DSC_2790-500x331.jpg\" width=\"500\" height=\"331\" srcset=\"http:\/\/hdavia.fr\/wp-content\/uploads\/2013\/04\/DSC_2790-500x331.jpg 500w, http:\/\/hdavia.fr\/wp-content\/uploads\/2013\/04\/DSC_2790-1024x678.jpg 1024w, http:\/\/hdavia.fr\/wp-content\/uploads\/2013\/04\/DSC_2790.jpg 1600w\" sizes=\"(max-width: 500px) 100vw, 500px\" \/><\/a><\/p>\n<p align=\"center\"><b><i>\u00ab\u00a0Le chemin sera long et sem\u00e9\u00a0d\u2019emb\u00fbche ! mais bon on aime les d\u00e9fis\u00a0de taille\u2026 \u00ab\u00a0<\/i><\/b><\/p>\n<p>D\u00e9j\u00e0\u00a0de nombreux<b><i>\u00a0Gaz\u2019aile II<\/i><\/b><i>\u00a0<\/i>volent dans le ciel Fran\u00e7ais,et je suis s\u00fbr que ce n\u2019est que le d\u00e9but d\u2019une grande histoire pour le\u00a0<b><i>Gaz\u2019aile II<\/i><\/b>.<\/p>\n<p>Merci monsieur\u00a0<b><i>Pennec<\/i><\/b>\u00a0!<\/p>\n<p>&nbsp;<\/p>\n<div id=\"themify_builder_content-2\" data-postid=\"2\" class=\"themify_builder_content themify_builder_content-2 themify_builder themify_builder_front\">\n\n\t<\/div>\n<!-- \/themify_builder_content -->","protected":false},"excerpt":{"rendered":"<p>Bienvenue \u00e0 tous, &nbsp; Afin de permettre \u00e0 tous de suivre l\u2019\u00e9volution de la construction du\u00a0Gaz\u2019aile II\u00a0de\u00a0Serge Pennec,Georges et moi (St\u00e9phane) avons mis en place un site web. Nous avons la liasse depuis d\u00e9but Juillet 2012,nous avan\u00e7ons doucement\u2026mais s\u00fbrement. Le choix de la motorisation est encore ind\u00e9termin\u00e9 ? le diesel reste \u00e9conomique et fid\u00e8le \u00e0 [&hellip;]<\/p>\n","protected":false},"author":1,"featured_media":0,"parent":0,"menu_order":0,"comment_status":"closed","ping_status":"closed","template":"","meta":[],"_links":{"self":[{"href":"http:\/\/hdavia.fr\/index.php?rest_route=\/wp\/v2\/pages\/2"}],"collection":[{"href":"http:\/\/hdavia.fr\/index.php?rest_route=\/wp\/v2\/pages"}],"about":[{"href":"http:\/\/hdavia.fr\/index.php?rest_route=\/wp\/v2\/types\/page"}],"author":[{"embeddable":true,"href":"http:\/\/hdavia.fr\/index.php?rest_route=\/wp\/v2\/users\/1"}],"replies":[{"embeddable":true,"href":"http:\/\/hdavia.fr\/index.php?rest_route=%2Fwp%2Fv2%2Fcomments&post=2"}],"version-history":[{"count":10,"href":"http:\/\/hdavia.fr\/index.php?rest_route=\/wp\/v2\/pages\/2\/revisions"}],"predecessor-version":[{"id":234,"href":"http:\/\/hdavia.fr\/index.php?rest_route=\/wp\/v2\/pages\/2\/revisions\/234"}],"wp:attachment":[{"href":"http:\/\/hdavia.fr\/index.php?rest_route=%2Fwp%2Fv2%2Fmedia&parent=2"}],"curies":[{"name":"wp","href":"https:\/\/api.w.org\/{rel}","templated":true}]}}